{"id":24876,"date":"2020-11-06T16:28:01","date_gmt":"2020-11-06T15:28:01","guid":{"rendered":"https:\/\/qualimetrie.com\/politique-de-confidentialite"},"modified":"2024-09-06T08:49:19","modified_gmt":"2024-09-06T06:49:19","slug":"politique-de-confidentialite","status":"publish","type":"page","link":"https:\/\/qualimetrie.com\/es\/politique-de-confidentialite","title":{"rendered":"Politique de confidentialit\u00e9"},"content":{"rendered":"\t\t<div data-elementor-type=\"wp-page\" data-elementor-id=\"24876\" class=\"elementor elementor-24876 elementor-54\" data-elementor-post-type=\"page\">\n\t\t\t\t\t\t<section class=\"elementor-section elementor-top-section elementor-element elementor-element-742744f elementor-section-boxed elementor-section-height-default elementor-section-height-default\" data-id=\"742744f\" data-element_type=\"section\">\n\t\t\t\t\t\t<div class=\"elementor-container elementor-column-gap-default\">\n\t\t\t\t\t<div class=\"elementor-column elementor-col-100 elementor-top-column elementor-element elementor-element-1751383\" data-id=\"1751383\" data-element_type=\"column\">\n\t\t\t<div class=\"elementor-widget-wrap elementor-element-populated\">\n\t\t\t\t\t\t<div class=\"elementor-element elementor-element-9a3d69f elementor-widget elementor-widget-heading\" data-id=\"9a3d69f\" data-element_type=\"widget\" data-widget_type=\"heading.default\">\n\t\t\t\t<div class=\"elementor-widget-container\">\n\t\t\t<h1 class=\"elementor-heading-title elementor-size-default\">Pol\u00edtica de Privacidad<\/h1>\t\t<\/div>\n\t\t\t\t<\/div>\n\t\t\t\t\t<\/div>\n\t\t<\/div>\n\t\t\t\t\t<\/div>\n\t\t<\/section>\n\t\t\t\t<section class=\"elementor-section elementor-top-section elementor-element elementor-element-11eae62 elementor-section-boxed elementor-section-height-default elementor-section-height-default\" data-id=\"11eae62\" data-element_type=\"section\">\n\t\t\t\t\t\t<div class=\"elementor-container elementor-column-gap-default\">\n\t\t\t\t\t<div class=\"elementor-column elementor-col-100 elementor-top-column elementor-element elementor-element-47fe1d9\" data-id=\"47fe1d9\" data-element_type=\"column\">\n\t\t\t<div class=\"elementor-widget-wrap elementor-element-populated\">\n\t\t\t\t\t\t<div class=\"elementor-element elementor-element-0e504ab elementor-widget-laptop__width-initial elementor-widget elementor-widget-text-editor\" data-id=\"0e504ab\" data-element_type=\"widget\" data-widget_type=\"text-editor.default\">\n\t\t\t\t<div class=\"elementor-widget-container\">\n\t\t\t\t\t\t\t<p>La privacidad de los visitantes de nuestro sitio web es muy importante para nosotros, y nos comprometemos a protegerla. Esta pol\u00edtica detalla lo que hacemos con su informaci\u00f3n personal.<\/p><p><span style=\"color: var( --e-global-color-text ); font-family: var( --e-global-typography-text-font-family ), Sans-serif; font-size: var( --e-global-typography-text-font-size ); font-weight: var( --e-global-typography-text-font-weight );\">Nuestro DPO se puede contactar por correo electr\u00f3nico a <\/span><span style=\"color: var( --e-global-color-text ); font-family: var( --e-global-typography-text-font-family ), Sans-serif; font-size: var( --e-global-typography-text-font-size ); font-weight: var( --e-global-typography-text-font-weight );\">\u00a0.<\/span><\/p><h2>\u00a0<\/h2><h2>\u00a0<\/h2><h2>Definiciones<\/h2><p>El Editor : , cuyo n\u00famero SIREN es , on sede en 6 Avenue de Flandres &#8211; Villeneuve d&#8217;Ascq.<br \/>El Sitio: El conjunto de sitios, p\u00e1ginas web y servicios en l\u00ednea ofrecidos por el Editor.<br \/>El Usuario: La persona que utiliza el Sitio y los servicios.<\/p><h2>\u00a0<\/h2><h2>\u00a0<\/h2><h2>Naturaleza de los datos recopilados<\/h2><p>En el contexto del uso de los Sitios, el Editor puede recopilar las siguientes categor\u00edas de datos sobre sus Usuarios:<\/p><ul><li>Datos de estado civil, identidad, identificaci\u00f3n&#8230;<\/li><li>Datos relativos a la vida personal (h\u00e1bitos de vida, situaci\u00f3n familiar&#8230;, excluyendo datos sensibles o peligrosos)<\/li><li>Datos relativos a la vida profesional (CV, formaci\u00f3n acad\u00e9mica, profesional, distinciones&#8230;)<\/li><li>Informaci\u00f3n econ\u00f3mica y financiera (ingresos, situaci\u00f3n financiera, situaci\u00f3n fiscal&#8230;)<\/li><li>Datos de conexi\u00f3n (direcciones IP, registros de eventos, navegador utilizado&#8230;)<\/li><li>Datos de ubicaci\u00f3n (desplazamientos, datos GPS, GSM&#8230;)<\/li><\/ul><h2>\u00a0<\/h2><h2>\u00a0<\/h2><h2>Uso<\/h2><p><span style=\"color: var( --e-global-color-text ); font-family: var( --e-global-typography-text-font-family ), Sans-serif; font-size: var( --e-global-typography-text-font-size ); font-weight: var( --e-global-typography-text-font-weight );\">La informaci\u00f3n personal que nos proporcione a trav\u00e9s de nuestro Sitio se utilizar\u00e1 con los fines descritos en esta pol\u00edtica o en las p\u00e1ginas pertinentes del sitio. Podemos utilizar su informaci\u00f3n personal para:<\/span><\/p><ul><li>Administrar nuestro sitio web y nuestra empresa;<\/li><li>Personalizar nuestro sitio web para usted;<\/li><li>Permitir el uso de los servicios ofrecidos en nuestro sitio web;<\/li><li>Entregar productos o servicios adquiridos en nuestro sitio;<\/li><li>Enviar facturas y recordatorios de pago, y cobrar pagos;<\/li><li>Enviar comunicaciones comerciales no relacionadas con marketing;<\/li><li>Enviar notificaciones por correo electr\u00f3nico solicitadas expresamente por usted;<\/li><li>Enviar nuestro bolet\u00edn por correo electr\u00f3nico, si lo ha solicitado (puede informarnos en cualquier momento si no desea recibirlo m\u00e1s);<\/li><li>Enviar comunicaciones de marketing relacionadas con nuestra empresa o con empresas terceras seleccionadas, si lo ha autorizado expresamente (puede notificarnos en cualquier momento si no desea recibir m\u00e1s);<\/li><li>Proporcionar estad\u00edsticas sobre nuestros usuarios a terceros (sin que estos terceros puedan identificar a ning\u00fan usuario individual con esta informaci\u00f3n);<\/li><li>Tratar solicitudes o quejas relacionadas con el sitio web;<\/li><li>Mantener la seguridad del sitio web y prevenir fraudes.<\/li><\/ul><h2>\u00a0<\/h2><h2>\u00a0<\/h2><h2>Comunicaci\u00f3n de datos personales a terceros<\/h2><h3>\u00a0<\/h3><h3>Comunicaci\u00f3n a terceros para la solicitud comercial de productos y servicios equivalentes<\/h3><p>Sin su consentimiento expl\u00edcito y espec\u00edfico, no proporcionaremos su informaci\u00f3n personal a terceros para su marketing, ni para el marketing de otras terceras partes.<\/p><h3>\u00a0<\/h3><h3>Comunicaci\u00f3n a terceros socios<\/h3><p>Podemos poner ciertos datos personales a disposici\u00f3n de socios estrat\u00e9gicos que trabajan con nosotros para la provisi\u00f3n de productos y servicios o que nos ayudan a comercializar nuestros productos a los clientes.<\/p><h3>\u00a0<\/h3><h3>Comunicaci\u00f3n a terceros en forma agregada y anonimizada<\/h3><p>Sus datos personales podr\u00e1n ser utilizados para enriquecer nuestras bases de datos. Podr\u00e1n ser transmitidos a terceros despu\u00e9s de haber sido anonimizados y exclusivamente con fines estad\u00edsticos.<\/p><h3>\u00a0<\/h3><h3>Comunicaci\u00f3n a las autoridades sobre la base de obligaciones legales<\/h3><p>Sobre la base de las obligaciones legales, sus datos personales podr\u00e1n ser divulgados en cumplimiento de una ley, un reglamento o en virtud de una decisi\u00f3n de una autoridad reguladora o judicial competente. De manera general, nos comprometemos a cumplir con todas las normas legales que puedan impedir, limitar o regular la difusi\u00f3n de informaci\u00f3n o datos, y en particular a cumplir con la Ley n.\u00ba 78-17 del 6 de enero de 1978 relativa a la inform\u00e1tica, los archivos y las libertades.<\/p><h3>\u00a0<\/h3><h3>Agr\u00e9gation des donn\u00e9es non personnelles<\/h3><p>Podemos publicar, divulgar y utilizar la informaci\u00f3n agregada (informaci\u00f3n relativa a todos nuestros Usuarios o a grupos o categor\u00edas espec\u00edficas de Usuarios que combinamos de manera que un Usuario individual ya no pueda ser identificado o mencionado) y la informaci\u00f3n no personal con fines de an\u00e1lisis del sector y del mercado, de perfil demogr\u00e1fico, con fines promocionales y publicitarios y con otros fines comerciales.<\/p><h3>\u00a0<\/h3><p><strong>Compromiso con la viralidad de las condiciones<\/strong><\/p><p>En caso de comunicaci\u00f3n de sus datos personales a un tercero, este estar\u00e1 obligado a aplicar condiciones de confidencialidad id\u00e9nticas a las del Sitio.<\/p><p><strong>Informaci\u00f3n previa para la comunicaci\u00f3n de datos personales a terceros en caso de fusi\u00f3n \/ absorci\u00f3n<\/strong><\/p><p>En el caso de que participemos en una operaci\u00f3n de fusi\u00f3n, adquisici\u00f3n o cualquier otra forma de cesi\u00f3n de activos, nos comprometemos a garantizar la confidencialidad de sus datos personales y a informarle antes de que estos sean transferidos o sometidos a nuevas reglas de confidencialidad.<\/p><p><strong>Transferencias internacionales de datos<\/strong><\/p><p>La informaci\u00f3n que recopilamos puede ser almacenada, procesada y transferida a todos los pa\u00edses en los que operamos, con el fin de utilizar la informaci\u00f3n de acuerdo con esta pol\u00edtica.<\/p><p>La informaci\u00f3n que recopilamos puede ser transferida a los siguientes pa\u00edses, que no tienen leyes de protecci\u00f3n de datos equivalentes a las vigentes en el Espacio Econ\u00f3mico Europeo: Estados Unidos, Rusia, Jap\u00f3n, China e India.<\/p><p>La informaci\u00f3n personal que publique en nuestro sitio web o que env\u00ede para su publicaci\u00f3n puede estar disponible, a trav\u00e9s de internet, en todo el mundo. No podemos evitar el uso, correcto o incorrecto, de dicha informaci\u00f3n por parte de terceros.<\/p><p>Usted acepta expresamente la transferencia de informaci\u00f3n personal descrita en esta secci\u00f3n.<\/p><p><strong>Geolocalizaci\u00f3n<\/strong><\/p><p>Recopilamos y procesamos sus datos de geolocalizaci\u00f3n para proporcionarle nuestros servicios. Podemos utilizar los datos personales con el fin de determinar su ubicaci\u00f3n geogr\u00e1fica en tiempo real. De acuerdo con su derecho de oposici\u00f3n establecido por la Ley n.\u00ba 78-17 del 6 de enero de 1978 relativa a la inform\u00e1tica, los archivos y las libertades, usted tiene la posibilidad, en cualquier momento, de desactivar las funciones relacionadas con la geolocalizaci\u00f3n.<\/p><p><strong>Recopilaci\u00f3n de datos del dispositivo<\/strong><\/p><p><strong>Recopilaci\u00f3n de datos de perfilado y datos t\u00e9cnicos con fines de prestaci\u00f3n del servicio<\/strong><\/p><p>Algunos datos t\u00e9cnicos de su dispositivo se recopilan autom\u00e1ticamente a trav\u00e9s del Sitio. Esta informaci\u00f3n incluye su direcci\u00f3n IP, proveedor de servicios de Internet, configuraci\u00f3n de hardware, configuraci\u00f3n de software, tipo y idioma del navegador&#8230; La recopilaci\u00f3n de estos datos es necesaria para la prestaci\u00f3n de los servicios.<\/p><p><strong>Recopilaci\u00f3n de datos t\u00e9cnicos con fines publicitarios, comerciales y estad\u00edsticos<\/strong><\/p><p>Los datos t\u00e9cnicos de su dispositivo se recopilan y registran autom\u00e1ticamente por el Sitio con fines publicitarios, comerciales y estad\u00edsticos. Esta informaci\u00f3n nos ayuda a personalizar y mejorar continuamente su experiencia en nuestro Sitio. No recopilamos ni conservamos ning\u00fan dato personal (nombre, apellidos, direcci\u00f3n&#8230;) vinculado a un dato t\u00e9cnico.<\/p><p><strong>Plazo de conservaci\u00f3n de los datos personales, anonimizaci\u00f3n y eliminaci\u00f3n<\/strong><\/p><p><strong>Conservaci\u00f3n de los datos durante la relaci\u00f3n contractual<\/strong><\/p><p>La informaci\u00f3n personal que tratamos para cualquier fin no se conserva m\u00e1s tiempo del necesario para dicho fin o fines.<\/p><p>De acuerdo con el art\u00edculo 6-5\u00b0 de la Ley n.\u00ba 78-17 del 6 de enero de 1978 relativa a la inform\u00e1tica, los archivos y las libertades, los datos personales objeto de tratamiento no se conservan m\u00e1s all\u00e1 del tiempo necesario para cumplir con las obligaciones definidas en la conclusi\u00f3n del contrato o durante la duraci\u00f3n previamente definida de la relaci\u00f3n contractual.<\/p><p><strong>Conservaci\u00f3n de los datos anonimizados despu\u00e9s de la relaci\u00f3n contractual<\/strong><\/p><p>Conservamos los datos personales durante el tiempo estrictamente necesario para cumplir con los fines descritos en estas Pol\u00edticas de privacidad. Despu\u00e9s de este per\u00edodo, los datos ser\u00e1n anonimizados y conservados \u00fanicamente con fines estad\u00edsticos, sin que se realice ninguna explotaci\u00f3n de los mismos.<\/p><p><strong>Portabilidad de los datos<\/strong><\/p><p>El Editor se compromete a ofrecerle la posibilidad de devolverle todos los datos que le conciernen previa solicitud. El Usuario garantiza as\u00ed un mejor control de sus datos y conserva la posibilidad de reutilizarlos. Estos datos se proporcionar\u00e1n en un formato abierto y f\u00e1cilmente reutilizable.<\/p><p><strong>Eliminaci\u00f3n de los datos a solicitud<\/strong><\/p><p>El Usuario tiene la posibilidad de eliminar sus datos en cualquier momento, mediante una simple solicitud al Editor por correo electr\u00f3nico o a trav\u00e9s de la pesta\u00f1a &#8220;Contacto&#8221; del sitio web.<\/p><p>Puede contactarnos por correo electr\u00f3nico en la siguiente direcci\u00f3n: contact@qualimetrie.com<\/p><p>Extracci\u00f3n y eliminaci\u00f3n de datos:<\/p>\t\t<form action=\"https:\/\/qualimetrie.com\/wp-admin\/admin-ajax.php\" method=\"post\" id=\"gdrf-form\">\n\t\t\t<input type=\"hidden\" name=\"action\" value=\"gdrf_data_request\" \/>\n\t\t\t<input type=\"hidden\" name=\"gdrf_data_human_key\" id=\"gdrf_data_human_key\" value=\"70005\" \/>\n\t\t\t<input type=\"hidden\" name=\"gdrf_data_nonce\" id=\"gdrf_data_nonce\" value=\"4fa060bfc8\" \/>\n\n\t\t\t\t\t<div class=\"gdrf-field gdrf-field-action\" role=\"radiogroup\" aria-labelledby=\"gdrf-radio-label\">\n\t\t\t\t<p id=\"gdrf-radio-label\">\n\t\t\t\t\tSelecciona tu petici\u00f3n:\t\t\t\t<\/p>\n\n\t\t\t\t<input id=\"gdrf-data-type-export\" class=\"gdrf-data-type-input\" type=\"radio\" name=\"gdrf_data_type\" value=\"export_personal_data\" \/>\n\t\t\t\t<label for=\"gdrf-data-type-export\" class=\"gdrf-data-type-label\">\n\t\t\t\t\tExportar los datos personales\t\t\t\t<\/label>\n\t\t\t\t<br \/>\n\t\t\t\t<input id=\"gdrf-data-type-remove\" class=\"gdrf-data-type-input\" type=\"radio\" name=\"gdrf_data_type\" value=\"remove_personal_data\" \/>\n\t\t\t\t<label for=\"gdrf-data-type-remove\" class=\"gdrf-data-type-label\">\n\t\t\t\t\tEliminar los datos personales\t\t\t\t<\/label>\n\t\t\t<\/div>\n\t\t\n\t\t\t<p class=\"gdrf-field gdrf-field-email\">\n\t\t\t\t<label for=\"gdrf_data_email\">\n\t\t\t\t\tTu direcci\u00f3n de correo electr\u00f3nico (obligatoria)\t\t\t\t<\/label>\n\t\t\t\t<input type=\"email\" id=\"gdrf_data_email\" name=\"gdrf_data_email\" required \/>\n\t\t\t<\/p>\n\n\t\t\t<p class=\"gdrf-field gdrf-field-human\">\n\t\t\t\t<label for=\"gdrf_data_human\">\n\t\t\t\t\tVerificaci\u00f3n humana (obligatoria):\t\t\t\t\t7\u00a0+\u00a05\u00a0=\u00a0?\t\t\t\t<\/label>\n\t\t\t\t<input type=\"text\" id=\"gdrf_data_human\" name=\"gdrf_data_human\" required \/>\n\t\t\t<\/p>\n\n\t\t\t<p class=\"gdrf-field gdrf-field-submit\">\n\t\t\t\t<input id=\"gdrf-submit-button\" type=\"submit\" class=\"wp-element-button\" value=\"Enviar la solicitud\" \/>\n\t\t\t<\/p>\n\t\t<\/form>\n\t\t<p><strong>Seguridad<\/strong><\/p><p><strong>Informaci\u00f3n al Usuario en caso de brecha de seguridad<\/strong><\/p><p>Nos comprometemos a implementar todas las medidas t\u00e9cnicas y organizativas adecuadas para garantizar un nivel de seguridad adecuado en funci\u00f3n de los riesgos de acceso accidental, no autorizado o ilegal, divulgaci\u00f3n, alteraci\u00f3n, p\u00e9rdida o destrucci\u00f3n de los datos personales que le conciernen. En el caso de que tengamos conocimiento de un acceso ilegal a los datos personales almacenados en nuestros servidores o en los de nuestros proveedores, o de un acceso no autorizado que d\u00e9 lugar a la realizaci\u00f3n de los riesgos antes mencionados, nos comprometemos a:<\/p><ul><li>Notificarle el incidente lo antes posible;<\/li><li>Examinar las causas del incidente y mantenerle informado;<\/li><li>Tomar las medidas necesarias, dentro de lo razonable, para mitigar los efectos negativos y los da\u00f1os que puedan derivarse del incidente.<\/li><\/ul><p><strong>Limitaci\u00f3n de responsabilidad<\/strong><\/p><p>Bajo ninguna circunstancia los compromisos establecidos anteriormente con respecto a la notificaci\u00f3n en caso de brecha de seguridad se interpretar\u00e1n como un reconocimiento de culpa o responsabilidad por la ocurrencia del incidente en cuesti\u00f3n. Adem\u00e1s, nuestro Sitio contiene enlaces a sitios web de terceros y su informaci\u00f3n. No tenemos control sobre estos sitios y no somos responsables de sus pol\u00edticas de privacidad ni de sus pr\u00e1cticas.<\/p><p><strong>Cookies<\/strong><\/p><p><strong>Principio de las cookies<\/strong><\/p><p>Nuestro sitio web utiliza cookies. Una cookie es un archivo que contiene un identificador (una cadena de letras y n\u00fameros) que un servidor web env\u00eda a un navegador web y que el navegador almacena. El identificador se devuelve al servidor cada vez que el navegador solicita una p\u00e1gina del servidor. Las cookies pueden ser &#8220;persistentes&#8221; o &#8220;de sesi\u00f3n&#8221;: una cookie persistente se almacena en el navegador y permanece v\u00e1lida hasta su fecha de vencimiento, a menos que el usuario la elimine antes de esa fecha; una cookie de sesi\u00f3n expira al final de la sesi\u00f3n del usuario, cuando se cierra el navegador. Las cookies generalmente no contienen ninguna informaci\u00f3n que identifique personalmente a un usuario, pero la informaci\u00f3n personal que almacenamos sobre usted puede estar vinculada a la informaci\u00f3n almacenada en las cookies y obtenida de las cookies.<\/p><p><strong>Duraci\u00f3n de conservaci\u00f3n de las cookies<\/strong><\/p><p>Al aceptar nuestro uso de cookies de acuerdo con esta pol\u00edtica en su primera visita a nuestro sitio web, nos permite utilizar cookies cada vez que visita nuestro sitio.<\/p><p>Solo utilizamos cookies de sesi\u00f3n y cookies persistentes en nuestro sitio web. De acuerdo con las recomendaciones de la CNIL, el per\u00edodo m\u00e1ximo de conservaci\u00f3n de las cookies es de 13 meses desde su primer dep\u00f3sito en el dispositivo del Usuario, al igual que el per\u00edodo de validez del consentimiento del Usuario para el uso de estas cookies.<\/p><p><strong>Finalidad de las cookies<\/strong><\/p><p>Las cookies pueden utilizarse con fines estad\u00edsticos, en particular para optimizar los servicios prestados al Usuario, a partir del tratamiento de la informaci\u00f3n sobre la frecuencia de acceso, la personalizaci\u00f3n de p\u00e1ginas, las operaciones realizadas y la informaci\u00f3n consultada. Se le informa que el Editor puede depositar cookies en su dispositivo. La cookie almacena informaci\u00f3n relacionada con la navegaci\u00f3n en el servicio (las p\u00e1ginas que ha consultado, la fecha y hora de la consulta&#8230;) que podremos leer durante sus visitas posteriores.<\/p><p><strong>Derecho del Usuario a rechazar las cookies, la desactivaci\u00f3n que conduce a un funcionamiento degradado del servicio<\/strong><\/p><p>Usted reconoce haber sido informado de que el Editor puede utilizar cookies, y lo autoriza. Si no desea que se utilicen cookies en su dispositivo, la mayor\u00eda de los navegadores le permiten desactivar las cookies mediante las opciones de configuraci\u00f3n o a trav\u00e9s de nuestra herramienta de consentimiento disponible cuando llega a nuestro sitio. Sin embargo, se le informa que ciertos servicios pueden no funcionar correctamente.<\/p><p><strong>Posible asociaci\u00f3n de cookies con datos personales para permitir el funcionamiento del servicio<\/strong><\/p><p>El Editor puede recopilar informaci\u00f3n de navegaci\u00f3n mediante el uso de estas cookies.<\/p><p><strong>Lista de cookies utilizadas por nuestro Sitio<\/strong><\/p><p>Los nombres de las cookies que utilizamos en nuestro sitio web y los objetivos con los que las utilizamos se describen a continuaci\u00f3n. Puede obtener la lista completa directamente a trav\u00e9s de nuestra barra de consentimiento.<\/p><p>Si est\u00e1 activado, Google Analytics (a trav\u00e9s de Google Tag Manager) en nuestro sitio web para: reconocer una computadora cuando un usuario visita el sitio web, rastrear a los usuarios durante su navegaci\u00f3n en el sitio web, habilitar el uso de un carrito de compras en el sitio web, mejorar el uso del sitio web, analizar el uso del sitio web, administrar el sitio web, prevenir el fraude y mejorar la seguridad del sitio web, personalizar el sitio web para cada usuario, enviar publicidad dirigida que pueda interesar a ciertos usuarios.<br \/>Si est\u00e1 activado (o est\u00e1n activados), Google Ads, Facebook Ads, Linkedin Ads, Pinterest Ads, Tiktok Ads, Snapchat Ads, para enviar publicidad dirigida a los visitantes del sitio web.<br \/>Si est\u00e1 activado, Hotjar en nuestro sitio web para: rastrear a los usuarios durante su navegaci\u00f3n en el sitio web, habilitar el uso de un carrito de compras en el sitio web, mejorar el uso del sitio web, analizar el uso del sitio web y administrar el sitio web.<br \/>Si est\u00e1 activado (o est\u00e1n activados), Messenger Customer Chat, Tawk.to, Hubspot, FreshDesk, ZenDesk, Intercom para comunicarse con nuestros visitantes.<\/p><p><strong>Conservaci\u00f3n de los datos t\u00e9cnicos<\/strong><\/p><p>Los datos t\u00e9cnicos se conservan durante el tiempo estrictamente necesario para cumplir con los fines mencionados anteriormente.<\/p><p><strong>Modificaci\u00f3n de la pol\u00edtica de privacidad<\/strong><\/p><p>Nos comprometemos a informarle en caso de cambios sustanciales en esta Pol\u00edtica de Privacidad, y a no reducir sustancialmente el nivel de confidencialidad de sus datos sin informarle y obtener su consentimiento.<\/p><p>Podemos actualizar esta pol\u00edtica ocasionalmente publicando una nueva versi\u00f3n en nuestro sitio web. Nos comprometemos a informarle en caso de cambios sustanciales en esta Pol\u00edtica de Privacidad, y a no reducir sustancialmente el nivel de confidencialidad de sus datos sin informarle y obtener su consentimiento.<\/p><p>Debe revisar esta p\u00e1gina regularmente para asegurarse de estar al tanto de cualquier cambio realizado en esta pol\u00edtica.<\/p><p><strong>Ley aplicable y m\u00e9todos de recurso<\/strong><\/p><p>Esta Pol\u00edtica de Privacidad y su uso del Sitio est\u00e1n regidos e interpretados de acuerdo con las leyes de Francia, en particular la Ley n.\u00ba 78-17 del 6 de enero de 1978 relativa a la inform\u00e1tica, los archivos y las libertades. La elecci\u00f3n de la ley aplicable no afecta sus derechos como consumidor de acuerdo con la ley aplicable en su lugar de residencia. Si usted es un consumidor, usted y nosotros aceptamos someternos a la jurisdicci\u00f3n no exclusiva de los tribunales franceses, lo que significa que puede presentar una demanda relacionada con esta Pol\u00edtica de Privacidad en Francia o en el pa\u00eds de la UE en el que reside. Si usted es un profesional, cualquier acci\u00f3n en nuestra contra debe presentarse ante un tribunal en Francia.<\/p><p>En caso de disputa, las partes buscar\u00e1n una soluci\u00f3n amistosa antes de emprender cualquier acci\u00f3n legal. Si estas tentativas fracasan, cualquier disputa sobre la validez, interpretaci\u00f3n y\/o ejecuci\u00f3n de la Pol\u00edtica de Privacidad deber\u00e1 ser presentada, incluso en caso de pluralidad de demandados o de garant\u00eda, ante los tribunales franceses.<\/p>\t\t\t\t\t\t<\/div>\n\t\t\t\t<\/div>\n\t\t\t\t\t<\/div>\n\t\t<\/div>\n\t\t\t\t\t<\/div>\n\t\t<\/section>\n\t\t\t\t<\/div>\n\t\t","protected":false},"excerpt":{"rendered":"<p>Pol\u00edtica de Privacidad La privacidad de los visitantes de nuestro sitio web es muy importante para nosotros, y nos comprometemos a protegerla. Esta pol\u00edtica detalla lo que hacemos con su informaci\u00f3n personal. Nuestro DPO se puede contactar por correo electr\u00f3nico a \u00a0. \u00a0 \u00a0 Definiciones El Editor : , cuyo n\u00famero SIREN es , on [&hellip;]<\/p>\n","protected":false},"author":1,"featured_media":0,"parent":0,"menu_order":0,"comment_status":"closed","ping_status":"closed","template":"","meta":{"_acf_changed":false,"_seopress_robots_primary_cat":"","_seopress_titles_title":"","_seopress_titles_desc":"","_seopress_robots_index":"","content-type":"","footnotes":""},"acf":[],"_links":{"self":[{"href":"https:\/\/qualimetrie.com\/es\/wp-json\/wp\/v2\/pages\/24876"}],"collection":[{"href":"https:\/\/qualimetrie.com\/es\/wp-json\/wp\/v2\/pages"}],"about":[{"href":"https:\/\/qualimetrie.com\/es\/wp-json\/wp\/v2\/types\/page"}],"author":[{"embeddable":true,"href":"https:\/\/qualimetrie.com\/es\/wp-json\/wp\/v2\/users\/1"}],"replies":[{"embeddable":true,"href":"https:\/\/qualimetrie.com\/es\/wp-json\/wp\/v2\/comments?post=24876"}],"version-history":[{"count":10,"href":"https:\/\/qualimetrie.com\/es\/wp-json\/wp\/v2\/pages\/24876\/revisions"}],"predecessor-version":[{"id":60584,"href":"https:\/\/qualimetrie.com\/es\/wp-json\/wp\/v2\/pages\/24876\/revisions\/60584"}],"wp:attachment":[{"href":"https:\/\/qualimetrie.com\/es\/wp-json\/wp\/v2\/media?parent=24876"}],"curies":[{"name":"wp","href":"https:\/\/api.w.org\/{rel}","templated":true}]}}